{"id":131,"date":"2015-12-15T18:55:21","date_gmt":"2015-12-15T18:55:21","guid":{"rendered":"http:\/\/127.0.0.1:8080\/wordpress\/?page_id=131"},"modified":"2016-04-18T17:48:40","modified_gmt":"2016-04-18T14:48:40","slug":"hills","status":"publish","type":"page","link":"https:\/\/cfd.spb.ru\/agarbaruk\/examples\/hills\/","title":{"rendered":"\u041f\u0435\u0440\u0438\u043e\u0434\u0438\u0447\u0435\u0441\u043a\u043e\u0435 \u0442\u0435\u0447\u0435\u043d\u0438\u0435 \u0432 \u043a\u0430\u043d\u0430\u043b\u0435 \u0441 \u0445\u043e\u043b\u043c\u043e\u043e\u0431\u0440\u0430\u0437\u043d\u044b\u043c \u0441\u0443\u0436\u0435\u043d\u0438\u0435\u043c"},"content":{"rendered":"<p><iframe loading=\"lazy\" src=\"https:\/\/www.youtube.com\/embed\/EfbsyseHC_w?feature=player_embedded\" width=\"640\" height=\"360\" frameborder=\"0\" allowfullscreen=\"allowfullscreen\"><\/iframe><\/p>\n<p><strong>\u0414\u043e\u043a\u0443\u043c\u0435\u043d\u0442\u044b, \u043f\u0440\u0435\u0437\u0435\u043d\u0442\u0430\u0446\u0438\u0438 \u0438 \u0430\u043d\u0438\u043c\u0430\u0446\u0438\u0438<\/strong><br \/>\n<a href=\"\/agarbaruk\/imgs\/pdf.png\" rel=\"attachment wp-att-51\"><img loading=\"lazy\" decoding=\"async\" class=\"alignnone size-full wp-image-51\" src=\"\/agarbaruk\/imgs\/pdf.png\" alt=\"pdf\" width=\"16\" height=\"16\" \/><\/a>\u00a0<a href=\"\/agarbaruk\/doc\/2000_Mellen-Frohlich-Rodi_Large-eddy-simulation-of-the-flow-over-periodic-hills.pdf\" rel=\"\">2000_Mellen, Frohlich, Rodi_Large eddy simulation of the flow over periodic hills<\/a><br \/>\nMellen, C. P., Fr\u00f6hlich, J., &amp; Rodi, W. (2000). Large eddy simulation of the flow over periodic hills. Proceedings of 16th IMACS World Congress, Lausanne, Switzerland (pp. 3\u20138).<\/p>\n<p><a href=\"\/agarbaruk\/imgs\/pdf.png\" rel=\"attachment wp-att-51\"><img loading=\"lazy\" decoding=\"async\" class=\"alignnone size-full wp-image-51\" src=\"\/agarbaruk\/imgs\/pdf.png\" alt=\"pdf\" width=\"16\" height=\"16\" \/><\/a>\u00a0<a href=\"\/agarbaruk\/doc\/2001_Temmerman-Leschziner_Large-eddy-simulation-of-separated-flow-in-a-streamwise-periodic-channel-constriction.pdf\" rel=\"\">2001_Temmerman, Leschziner_Large eddy simulation of separated flow in a streamwise periodic channel constriction<\/a><br \/>\nTemmerman, L., &amp; Leschziner, M. A. (2001). Large eddy simulation of separated flow in a streamwise periodic channel constriction. Int. Symp. Turb. Shear Flow Phenomena.<\/p>\n<p><a href=\"\/agarbaruk\/imgs\/pdf.png\" rel=\"attachment wp-att-51\"><img loading=\"lazy\" decoding=\"async\" class=\"alignnone size-full wp-image-51\" src=\"\/agarbaruk\/imgs\/pdf.png\" alt=\"pdf\" width=\"16\" height=\"16\" \/><\/a>\u00a0<a href=\"\/agarbaruk\/doc\/2007_Saric-et-al_Evaluation-of-Detached-Eddy-Simulations-for-predicting-the-flow-over-periodic-hills.pdf\" rel=\"\">2007_Saric et al_Evaluation of Detached Eddy Simulations for predicting the flow over periodic hills<\/a><br \/>\nSari\u0107, S., Jakirli\u0107, S., Breuer, M., Jaffr\u00e9zic, B., Deng, G., Chikhaoui, O., Fr\u00f6hlich, J., et al. (2007). Evaluation of Detached Eddy Simulations for predicting the flow over periodic hills. ESAIM: Proceedings (Vol. 16, pp. 133\u2013145).<\/p>\n<p><a href=\"\/agarbaruk\/imgs\/pdf.png\" rel=\"attachment wp-att-51\"><img loading=\"lazy\" decoding=\"async\" class=\"alignnone size-full wp-image-51\" src=\"\/agarbaruk\/imgs\/pdf.png\" alt=\"pdf\" width=\"16\" height=\"16\" \/><\/a>\u00a0<a href=\"\/agarbaruk\/doc\/2009_Breuer-et-al._Flow-over-periodic-hills.-Numerical-and-experimental-study-in-a-wide-range-of-Reynolds-numbers.pdf\" rel=\"\">2009_Breuer et al._Flow over periodic hills. Numerical and experimental study in a wide range of Reynolds numbers<\/a><br \/>\nBreuer, M., Peller, N., Rapp, C., &amp; Manhart, M. (2009). Flow over periodic hills \u2013 Numerical and experimental study in a wide range of Reynolds numbers. Computers &amp; Fluids, 38(2), 433\u2013457.<\/p>\n<p><a href=\"\/agarbaruk\/imgs\/pdf.png\" rel=\"attachment wp-att-51\"><img loading=\"lazy\" decoding=\"async\" class=\"alignnone size-full wp-image-51\" src=\"\/agarbaruk\/imgs\/pdf.png\" alt=\"pdf\" width=\"16\" height=\"16\" \/><\/a>\u00a0<a href=\"\/agarbaruk\/doc\/2011_Gritskevich-Garbaruk-Menter_Fine-tuning-of-DDES-and-IDDES-formulations-to-the-k-w-Shear-Stress-Transport-model.pdf\" rel=\"\">2011_Gritskevich, Garbaruk, Menter_Fine-tuning of DDES and IDDES formulations to the k-w Shear Stress Transport model<\/a><br \/>\nGritskevich MS, Garbaruk AV, Menter FR. Fine-tuning of DDES and IDDES formulations to the k-w Shear Stress Transport model. In: 4th European Conference for Aerospace Sciences (EUCASS-4). Saint-Petersburg; 2011:1-10.<\/p>\n<p><a href=\"\/agarbaruk\/imgs\/pdf.png\" rel=\"attachment wp-att-51\"><img loading=\"lazy\" decoding=\"async\" class=\"alignnone size-full wp-image-51\" src=\"\/agarbaruk\/imgs\/pdf.png\" alt=\"pdf\" width=\"16\" height=\"16\" \/><\/a>\u00a0<a href=\"\/agarbaruk\/doc\/2012_Gritskevich-et-al._Development-of-DDES-and-IDDES-Formulations-for-the-k-w-Shear-Stress-Transport-Model.pdf\" rel=\"\">2012_Gritskevich et al._Development of DDES and IDDES Formulations for the k-w Shear Stress Transport Model<\/a><br \/>\nGritskevich MS, Garbaruk AV, Sch\u00fctze J, Menter FR. Development of DDES and IDDES Formulations for the k-\u03c9 Shear Stress Transport Model. Flow, Turbulence and Combustion. 2012;88(431-449).<\/p>\n<p><a href=\"\/agarbaruk\/imgs\/pdf.png\" rel=\"attachment wp-att-51\"><img loading=\"lazy\" decoding=\"async\" class=\"alignnone size-full wp-image-51\" src=\"\/agarbaruk\/imgs\/pdf.png\" alt=\"pdf\" width=\"16\" height=\"16\" \/><\/a>\u00a0<a href=\"\/agarbaruk\/doc\/2012_Gritskevich-Garbaruk-Menter_Fine-tuning-of-DDES-and-IDDES-formulations-to-the-k-w-Shear-Stress-Transport-model.pdf\" rel=\"\">2012_Gritskevich, Garbaruk, Menter_Fine-tuning of DDES and IDDES formulations to the k-w Shear Stress Transport model<\/a><br \/>\nGritskevich, M., Garbaruk, A., &amp; Menter, F. (2012). Fine-tuning of DDES and IDDES formulations to the k-w Shear Stress Transport model. Progress in Propulsion Physics, 5(91), 43\u201362.<\/p>\n<p><a href=\"\/agarbaruk\/imgs\/pdf.png\" rel=\"attachment wp-att-51\"><img loading=\"lazy\" decoding=\"async\" class=\"alignnone size-full wp-image-51\" src=\"\/agarbaruk\/imgs\/pdf.png\" alt=\"pdf\" width=\"16\" height=\"16\" \/><\/a>\u00a0<a href=\"\/agarbaruk\/doc\/2012_Gritskevich_thesis.pdf\" rel=\"\">2012_Gritskevich_thesis<\/a><br \/>\n\u0414\u0438\u0441\u0441\u0435\u0440\u0442\u0430\u0446\u0438\u044f. \u0413\u0440\u0438\u0446\u043a\u0435\u0432\u0438\u0447 \u041c.\u0421. \u0420\u0430\u0441\u0447\u0435\u0442 \u0442\u0443\u0440\u0431\u0443\u043b\u0435\u043d\u0442\u043d\u044b\u0445 \u043f\u0440\u0438\u0441\u0442\u0435\u043d\u043d\u044b\u0445 \u0442\u0435\u0447\u0435\u043d\u0438\u0439 \u0441 \u0438\u0441\u043f\u043e\u043b\u044c\u0437\u043e\u0432\u0430\u043d\u0438\u0435\u043c \u0437\u043e\u043d\u043d\u043e\u0433\u043e RANS-LES \u043f\u043e\u0434\u0445\u043e\u0434\u0430 \u0441 \u043e\u0431\u044a\u0435\u043c\u043d\u044b\u043c \u0438\u0441\u0442\u043e\u0447\u043d\u0438\u043a\u043e\u043c \u0442\u0443\u0440\u0431\u0443\u043b\u0435\u043d\u0442\u043d\u044b\u0445 \u043f\u0443\u043b\u044c\u0441\u0430\u0446\u0438\u0439.<\/p>\n","protected":false},"excerpt":{"rendered":"<p>\u0414\u043e\u043a\u0443\u043c\u0435\u043d\u0442\u044b, \u043f\u0440\u0435\u0437\u0435\u043d\u0442\u0430\u0446\u0438\u0438 \u0438 \u0430\u043d\u0438\u043c\u0430\u0446\u0438\u0438 \u00a02000_Mellen, Frohlich, Rodi_Large eddy simulation of the flow over periodic hills Mellen, C. P., Fr\u00f6hlich, J., &amp; Rodi, W. (2000). Large eddy simulation of the flow over periodic hills. Proceedings of 16th IMACS World Congress, Lausanne, Switzerland (pp. 3\u20138). \u00a02001_Temmerman, Leschziner_Large eddy simulation of separated flow in a streamwise periodic channel &hellip; <a href=\"https:\/\/cfd.spb.ru\/agarbaruk\/examples\/hills\/\" class=\"more-link\">Continue reading <span class=\"screen-reader-text\">\u041f\u0435\u0440\u0438\u043e\u0434\u0438\u0447\u0435\u0441\u043a\u043e\u0435 \u0442\u0435\u0447\u0435\u043d\u0438\u0435 \u0432 \u043a\u0430\u043d\u0430\u043b\u0435 \u0441 \u0445\u043e\u043b\u043c\u043e\u043e\u0431\u0440\u0430\u0437\u043d\u044b\u043c \u0441\u0443\u0436\u0435\u043d\u0438\u0435\u043c<\/span> <span class=\"meta-nav\">&rarr;<\/span><\/a><\/p>\n","protected":false},"author":1,"featured_media":0,"parent":62,"menu_order":0,"comment_status":"closed","ping_status":"closed","template":"","meta":{"footnotes":""},"class_list":["post-131","page","type-page","status-publish","hentry"],"_links":{"self":[{"href":"https:\/\/cfd.spb.ru\/agarbaruk\/wp-json\/wp\/v2\/pages\/131","targetHints":{"allow":["GET"]}}],"collection":[{"href":"https:\/\/cfd.spb.ru\/agarbaruk\/wp-json\/wp\/v2\/pages"}],"about":[{"href":"https:\/\/cfd.spb.ru\/agarbaruk\/wp-json\/wp\/v2\/types\/page"}],"author":[{"embeddable":true,"href":"https:\/\/cfd.spb.ru\/agarbaruk\/wp-json\/wp\/v2\/users\/1"}],"replies":[{"embeddable":true,"href":"https:\/\/cfd.spb.ru\/agarbaruk\/wp-json\/wp\/v2\/comments?post=131"}],"version-history":[{"count":0,"href":"https:\/\/cfd.spb.ru\/agarbaruk\/wp-json\/wp\/v2\/pages\/131\/revisions"}],"up":[{"embeddable":true,"href":"https:\/\/cfd.spb.ru\/agarbaruk\/wp-json\/wp\/v2\/pages\/62"}],"wp:attachment":[{"href":"https:\/\/cfd.spb.ru\/agarbaruk\/wp-json\/wp\/v2\/media?parent=131"}],"curies":[{"name":"wp","href":"https:\/\/api.w.org\/{rel}","templated":true}]}}