{"id":140,"date":"2015-12-15T19:01:46","date_gmt":"2015-12-15T19:01:46","guid":{"rendered":"http:\/\/127.0.0.1:8080\/wordpress\/?page_id=140"},"modified":"2016-04-18T18:10:01","modified_gmt":"2016-04-18T15:10:01","slug":"hump","status":"publish","type":"page","link":"https:\/\/cfd.spb.ru\/agarbaruk\/examples\/hump\/","title":{"rendered":"\u041e\u0431\u0442\u0435\u043a\u0430\u043d\u0438\u0435 \u0432\u044b\u043f\u0443\u043a\u043b\u043e\u0441\u0442\u0438 \u0432 \u043a\u0432\u0430\u0434\u0440\u0430\u0442\u043d\u043e\u043c \u043a\u0430\u043d\u0430\u043b\u0435"},"content":{"rendered":"<p><iframe loading=\"lazy\" src=\"https:\/\/www.youtube.com\/embed\/ieYGZmR1-RI?feature=player_embedded\" width=\"640\" height=\"360\" frameborder=\"0\" allowfullscreen=\"allowfullscreen\"><\/iframe><\/p>\n<p><strong>\u0414\u043e\u043a\u0443\u043c\u0435\u043d\u0442\u044b, \u043f\u0440\u0435\u0437\u0435\u043d\u0442\u0430\u0446\u0438\u0438 \u0438 \u0430\u043d\u0438\u043c\u0430\u0446\u0438\u0438<\/strong><br \/>\n<a href=\"\/agarbaruk\/imgs\/pdf.png\" rel=\"attachment wp-att-51\"><img loading=\"lazy\" decoding=\"async\" class=\"alignnone size-full wp-image-51\" src=\"\/agarbaruk\/imgs\/pdf.png\" alt=\"pdf\" width=\"16\" height=\"16\" \/><\/a>\u00a0<a href=\"\/agarbaruk\/doc\/2004_Krishnan-Squires-Forsythe_Prediction-of-separated-flow-characteristics-over-a-hump-using-RANS-and-DES.pdf\" rel=\"\">2004_Krishnan, Squires, Forsythe_Prediction of separated flow characteristics over a hump using RANS and DES<\/a><br \/>\nKrishnan, V., Squires, K. D., &amp; Forsythe, J. R. (2004). Prediction of separated flow characteristics over a hump using RANS and DES. AIAA Paper, 2004-2224, 1\u201317.<\/p>\n<p><a href=\"\/agarbaruk\/imgs\/pdf.png\" rel=\"attachment wp-att-51\"><img loading=\"lazy\" decoding=\"async\" class=\"alignnone size-full wp-image-51\" src=\"\/agarbaruk\/imgs\/pdf.png\" alt=\"pdf\" width=\"16\" height=\"16\" \/><\/a>\u00a0<a href=\"\/agarbaruk\/doc\/2005_Greenblatt-et-al._A-Separation-Control-CFD-Validation-Test-Case-Part-2-Zero-Efflux-Oscillatory-Blowing.pdf\" rel=\"\">2005_Greenblatt et al._A Separation Control CFD Validation Test Case Part 2 Zero Efflux Oscillatory Blowing<\/a><br \/>\nGreenblatt, D., Paschal, K. B., Yao, C. S., &amp; Harris, J. (2005). A Separation Control CFD Validation Test Case Part 2: Zero Efflux Oscillatory Blowing. AIAA paper, 2005-485, 43.<\/p>\n<p><a href=\"\/agarbaruk\/imgs\/pdf.png\" rel=\"attachment wp-att-51\"><img loading=\"lazy\" decoding=\"async\" class=\"alignnone size-full wp-image-51\" src=\"\/agarbaruk\/imgs\/pdf.png\" alt=\"pdf\" width=\"16\" height=\"16\" \/><\/a>\u00a0<a href=\"\/agarbaruk\/doc\/2006_Jakirlic-et-al._Computational-analysis-of-locally-forced-flow-over-a-wall-mounted-hump-at-high-Re-number.pdf\" rel=\"\">2006_Jakirlic et al._Computational analysis of locally forced flow over a wall-mounted hump at high-Re number<\/a><br \/>\nJakirli\u0107, S., Djugum, A., Tropea, C., &amp; \u0160ari\u0107, S. (2006). Computational analysis of locally forced flow over a wall-mounted hump at high-Re number. International Journal of Heat and Fluid Flow, 27(4), 707\u2013720.<\/p>\n<p><a href=\"\/agarbaruk\/imgs\/pdf.png\" rel=\"attachment wp-att-51\"><img loading=\"lazy\" decoding=\"async\" class=\"alignnone size-full wp-image-51\" src=\"\/agarbaruk\/imgs\/pdf.png\" alt=\"pdf\" width=\"16\" height=\"16\" \/><\/a>\u00a0<a href=\"\/agarbaruk\/doc\/2008_Noelting-et-al._Lattice-Boltzmann-Simulations-of-the-Flow-over-a-Hump-with-Flow-Control.pdf\" rel=\"\">2008_Noelting et al._Lattice Boltzmann Simulations of the Flow over a Hump with Flow Control<\/a><br \/>\nNoelting, S., Wessels, M., Keating, A., Satti, R., Li, Y., &amp; Shock, R. (2008). Lattice Boltzmann Simulations of the Flow over a Hump with Flow Control. AIAA Paper, 2008-6721, 1\u201313. Retrieved from http:\/\/keating.id.au\/tony\/conferences\/AIAA-2008-6721-427.pdf<\/p>\n<p><a href=\"\/agarbaruk\/imgs\/pdf.png\" rel=\"attachment wp-att-51\"><img loading=\"lazy\" decoding=\"async\" class=\"alignnone size-full wp-image-51\" src=\"\/agarbaruk\/imgs\/pdf.png\" alt=\"pdf\" width=\"16\" height=\"16\" \/><\/a>\u00a0<a href=\"\/agarbaruk\/doc\/2009_Lyons-et-al._Assessment-of-DES-models-for-separated-flow-from-a-hump-in-a-turbulent-boundary-layer.pdf\" rel=\"\">2009_Lyons et al._Assessment of DES models for separated flow from a hump in a turbulent boundary layer<\/a><br \/>\nLyons, D. C., Peltier, L. J., Zajaczkowski, F. J., Paterson, E. G., &amp; others. (2009). Assessment of DES models for separated flow from a hump in a turbulent boundary layer. Journal of Fluids Engineering, 131<\/p>\n<p><a href=\"\/agarbaruk\/imgs\/pdf.png\" rel=\"attachment wp-att-51\"><img loading=\"lazy\" decoding=\"async\" class=\"alignnone size-full wp-image-51\" src=\"\/agarbaruk\/imgs\/pdf.png\" alt=\"pdf\" width=\"16\" height=\"16\" \/><\/a>\u00a0<a href=\"\/agarbaruk\/doc\/2011_Adamian_thesis.pdf\" rel=\"\">2011_Adamian_thesis<\/a><br \/>\n\u0414\u0438\u0441\u0441\u0435\u0440\u0442\u0430\u0446\u0438\u044f. \u0410\u0434\u0430\u043c\u044c\u044f\u043d \u0414. \u042e. \u041c\u0435\u0442\u043e\u0434 \u0433\u0435\u043d\u0435\u0440\u0430\u0446\u0438\u0438 \u0441\u0438\u043d\u0442\u0435\u0442\u0438\u0447\u0435\u0441\u043a\u043e\u0439 \u0442\u0443\u0440\u0431\u0443\u043b\u0435\u043d\u0442\u043d\u043e\u0441\u0442\u0438 \u043d\u0430 \u0432\u0445\u043e\u0434\u043d\u044b\u0445 \u0433\u0440\u0430\u043d\u0438\u0446\u0430\u0445 \u0434\u043b\u044f \u0440\u0430\u0441\u0447\u0435\u0442\u0430 \u0442\u0443\u0440\u0431\u0443\u043b\u0435\u043d\u0442\u043d\u044b\u0445 \u0442\u0435\u0447\u0435\u043d\u0438\u0439 \u0432 \u0440\u0430\u043c\u043a\u0430\u0445 \u0432\u0438\u0445\u0440\u0435\u0440\u0430\u0437\u0440\u0435\u0448\u0430\u044e\u0449\u0438\u0445 \u043f\u043e\u0434\u0445\u043e\u0434\u043e\u0432<\/p>\n<p><a href=\"\/agarbaruk\/imgs\/pdf.png\" rel=\"attachment wp-att-51\"><img loading=\"lazy\" decoding=\"async\" class=\"alignnone size-full wp-image-51\" src=\"\/agarbaruk\/imgs\/pdf.png\" alt=\"pdf\" width=\"16\" height=\"16\" \/><\/a> <a href=\"\/agarbaruk\/doc\/2011_Adamian-Travin_An-Efficient-Generator-of-Synthetic-Turbulence-at-RANS-LES-Interface-in-Embedded-LES-ofWall-Bounded-and-Free-Shear-Flows.pdf\" rel=\"\">2011_Adamian-Travin_An-Efficient-Generator-of-Synthetic-Turbulence-at-RANS-LES-Interface-in-Embedded-LES-ofWall-Bounded-and-Free-Shear-Flows<\/a><br \/>\nAdamian D, Travin A. An Efficient Generator of Synthetic Turbulence at RANS\u2013LES Interface in Embedded LES ofWall-Bounded and Free Shear Flows. In: Kuzmin A, ed. Computational Fluid Dynamics 2010 Proceedings of the Sixth International Conference on Computational Fluid Dynamics, ICCFD6. Berlin, Heidelberg: Springer Berlin Heidelberg; 2011:739-744.<\/p>\n<p><a href=\"\/agarbaruk\/imgs\/pdf.png\" rel=\"attachment wp-att-51\"><img loading=\"lazy\" decoding=\"async\" class=\"alignnone size-full wp-image-51\" src=\"\/agarbaruk\/imgs\/pdf.png\" alt=\"pdf\" width=\"16\" height=\"16\" \/><\/a>\u00a0<a href=\"\/agarbaruk\/doc\/2011_Adamian-Travin_Assessment-of-an-approach-to-generating-inflow-synthetic-turbulence-for-LES-of-complex-turbulent-flows.pdf\" rel=\"\">2011_Adamian, Travin_Assessment of an approach to generating inflow synthetic turbulence for LES of complex turbulent flows<\/a><br \/>\nAdamian DY, Travin AK. Assessment of an approach to generating inflow synthetic turbulence for LES of complex turbulent flows. In: 4TH EUROPEAN CONFERENCE FOR AEROSPACE SCIENCES (EUCASS).; 2011:6-13.<\/p>\n<p><a href=\"\/agarbaruk\/imgs\/pdf.png\" rel=\"attachment wp-att-51\"><img loading=\"lazy\" decoding=\"async\" class=\"alignnone size-full wp-image-51\" src=\"\/agarbaruk\/imgs\/pdf.png\" alt=\"pdf\" width=\"16\" height=\"16\" \/><\/a>\u00a0<a href=\"\/agarbaruk\/doc\/2011_Gritskevich-Garbaruk-Menter_Fine-tuning-of-DDES-and-IDDES-formulations-to-the-k-w-Shear-Stress-Transport-model.pdf\" rel=\"\">2011_Gritskevich, Garbaruk, Menter_Fine-tuning of DDES and IDDES formulations to the k-w Shear Stress Transport model<\/a><br \/>\nGritskevich MS, Garbaruk AV, Menter FR. Fine-tuning of DDES and IDDES formulations to the k-w Shear Stress Transport model. In: 4th European Conference for Aerospace Sciences (EUCASS-4). Saint-Petersburg; 2011:1-10.<\/p>\n<p><a href=\"\/agarbaruk\/imgs\/pdf.png\" rel=\"attachment wp-att-51\"><img loading=\"lazy\" decoding=\"async\" class=\"alignnone size-full wp-image-51\" src=\"\/agarbaruk\/imgs\/pdf.png\" alt=\"pdf\" width=\"16\" height=\"16\" \/><\/a> <a href=\"\/agarbaruk\/doc\/2011_Adamian_Travin_Improved.pdf\" rel=\"\">2011_Adamian_Travin_Improved<\/a><br \/>\n\u0410\u0434\u0430\u043c\u044c\u044f\u043d \u0414\u042e, \u0422\u0440\u0430\u0432\u0438\u043d \u0410\u041a. \u0423\u0421\u041e\u0412\u0415\u0420\u0428\u0415\u041d\u0421\u0422\u0412\u041e\u0412\u0410\u041d\u041d\u042b\u0419 \u041c\u0415\u0422\u041e\u0414 \u0413\u0415\u041d\u0415\u0420\u0410\u0426\u0418\u0418 \u0421\u0418\u041d\u0422\u0415\u0422\u0418\u0427\u0415\u0421\u041a\u0418\u0425 \u0412\u0418\u0425\u0420\u0415\u0419 \u0414\u041b\u042f \u0417\u0410\u0414\u0410\u041d\u0418\u042f \u041d\u0415\u0421\u0422\u0410\u0426\u0418\u041e\u041d\u0410\u0420\u041d\u042b\u0425 \u0412\u0425\u041e\u0414\u041d\u042b\u0425 \u0413\u0420\u0410\u041d\u0418\u0427\u041d\u042b\u0425 \u0423\u0421\u041b\u041e\u0412\u0418\u0419 \u041f\u0420\u0418 \u0420\u0410\u0421\u0427\u0415\u0422\u0415 \u0422\u0423\u0420\u0411\u0423\u041b\u0415\u041d\u0422\u041d\u042b\u0425 \u0422\u0415\u0427\u0415\u041d\u0418\u0419. \u0422\u0435\u043f\u043b\u043e\u0444\u0438\u0437\u0438\u043a\u0430 \u0432\u044b\u0441\u043e\u043a\u0438\u0445 \u0442\u0435\u043c\u043f\u0435\u0440\u0430\u0442\u0443\u0440. 2011;49(5):728-736. (English version)<\/p>\n<p><a href=\"\/agarbaruk\/imgs\/pdf.png\" rel=\"attachment wp-att-51\"><img loading=\"lazy\" decoding=\"async\" class=\"alignnone size-full wp-image-51\" src=\"\/agarbaruk\/imgs\/pdf.png\" alt=\"pdf\" width=\"16\" height=\"16\" \/><\/a>\u00a0<a href=\"\/agarbaruk\/doc\/2012_Gritskevich-et-al._Development-of-DDES-and-IDDES-Formulations-for-the-k-w-Shear-Stress-Transport-Model.pdf\" rel=\"\">2012_Gritskevich et al._Development of DDES and IDDES Formulations for the k-w Shear Stress Transport Model<\/a><br \/>\nGritskevich MS, Garbaruk AV, Sch\u00fctze J, Menter FR. Development of DDES and IDDES Formulations for the k-\u03c9 Shear Stress Transport Model. Flow, Turbulence and Combustion. 2012;88(431-449).<\/p>\n<p><a href=\"\/agarbaruk\/imgs\/pdf.png\" rel=\"attachment wp-att-51\"><img loading=\"lazy\" decoding=\"async\" class=\"alignnone size-full wp-image-51\" src=\"\/agarbaruk\/imgs\/pdf.png\" alt=\"pdf\" width=\"16\" height=\"16\" \/><\/a>\u00a0<a href=\"\/agarbaruk\/doc\/2012_Gritskevich-Garbaruk-Menter_Fine-tuning-of-DDES-and-IDDES-formulations-to-the-k-w-Shear-Stress-Transport-model.pdf\" rel=\"\">2012_Gritskevich, Garbaruk, Menter_Fine-tuning of DDES and IDDES formulations to the k-w Shear Stress Transport model<\/a>. Progress in Propulsion Physics, 5(91), 43\u201362.<\/p>\n<p><a href=\"\/agarbaruk\/imgs\/pdf.png\" rel=\"attachment wp-att-51\"><img loading=\"lazy\" decoding=\"async\" class=\"alignnone size-full wp-image-51\" src=\"\/agarbaruk\/imgs\/pdf.png\" alt=\"pdf\" width=\"16\" height=\"16\" \/><\/a>\u00a0<a href=\"\/agarbaruk\/doc\/2012_Gritskevich_thesis.pdf\" rel=\"\">2012_Gritskevich_thesis<\/a><br \/>\n\u0414\u0438\u0441\u0441\u0435\u0440\u0442\u0430\u0446\u0438\u044f. \u0413\u0440\u0438\u0446\u043a\u0435\u0432\u0438\u0447 \u041c.\u0421. \u0420\u0430\u0441\u0447\u0435\u0442 \u0442\u0443\u0440\u0431\u0443\u043b\u0435\u043d\u0442\u043d\u044b\u0445 \u043f\u0440\u0438\u0441\u0442\u0435\u043d\u043d\u044b\u0445 \u0442\u0435\u0447\u0435\u043d\u0438\u0439 \u0441 \u0438\u0441\u043f\u043e\u043b\u044c\u0437\u043e\u0432\u0430\u043d\u0438\u0435\u043c \u0437\u043e\u043d\u043d\u043e\u0433\u043e RANS-LES \u043f\u043e\u0434\u0445\u043e\u0434\u0430 \u0441 \u043e\u0431\u044a\u0435\u043c\u043d\u044b\u043c \u0438\u0441\u0442\u043e\u0447\u043d\u0438\u043a\u043e\u043c \u0442\u0443\u0440\u0431\u0443\u043b\u0435\u043d\u0442\u043d\u044b\u0445 \u043f\u0443\u043b\u044c\u0441\u0430\u0446\u0438\u0439<\/p>\n<p><a href=\"\/agarbaruk\/imgs\/pdf.png\" rel=\"attachment wp-att-51\"><img loading=\"lazy\" decoding=\"async\" class=\"alignnone size-full wp-image-51\" src=\"\/agarbaruk\/imgs\/pdf.png\" alt=\"pdf\" width=\"16\" height=\"16\" \/><\/a> <a href=\"\/agarbaruk\/doc\/2012_Garbaruk_Gritskevich_Build-in-LES.pdf\" rel=\"\">2012_Garbaruk_Gritskevich_Build-in LES<\/a><br \/>\n\u0413\u0440\u0438\u0446\u043a\u0435\u0432\u0438\u0447 \u041c\u0421, \u0413\u0430\u0440\u0431\u0430\u0440\u0443\u043a \u0410\u0412. \u0412\u0441\u0442\u0440\u043e\u0435\u043d\u043d\u044b\u0439 LES \u0441 \u0438\u0441\u043f\u043e\u043b\u044c\u0437\u043e\u0432\u0430\u043d\u0438\u0435\u043c \u043e\u0431\u044a\u0435\u043c\u043d\u043e\u0433\u043e \u0438\u0441\u0442\u043e\u0447\u043d\u0438\u043a\u0430 \u0442\u0443\u0440\u0431\u0443\u043b\u0435\u043d\u0442\u043d\u044b\u0445 \u043f\u0443\u043b\u044c\u0441\u0430\u0446\u0438\u0439. \u041d\u0430\u0443\u0447\u043d\u043e-\u0442\u0435\u0445\u043d\u0438\u0447\u0435\u0441\u043a\u0438\u0435 \u0432\u0435\u0434\u043e\u043c\u043e\u0441\u0442\u0438 \u041f\u043e\u043b\u0438\u0442\u0435\u0445\u043d\u0438\u0447\u0435\u0441\u043a\u043e\u0433\u043e \u0443\u043d\u0438\u0432\u0435\u0440\u0441\u0438\u0442\u0435\u0442\u0430. \u0424\u0438\u0437\u0438\u043a\u043e-\u043c\u0430\u0442\u0435\u043c\u0430\u0442\u0438\u0447\u0435\u0441\u043a\u0438\u0435 \u043d\u0430\u0443\u043a\u0438. 2012;141(1):27-35.<\/p>\n","protected":false},"excerpt":{"rendered":"<p>\u0414\u043e\u043a\u0443\u043c\u0435\u043d\u0442\u044b, \u043f\u0440\u0435\u0437\u0435\u043d\u0442\u0430\u0446\u0438\u0438 \u0438 \u0430\u043d\u0438\u043c\u0430\u0446\u0438\u0438 \u00a02004_Krishnan, Squires, Forsythe_Prediction of separated flow characteristics over a hump using RANS and DES Krishnan, V., Squires, K. D., &amp; Forsythe, J. R. (2004). Prediction of separated flow characteristics over a hump using RANS and DES. AIAA Paper, 2004-2224, 1\u201317. \u00a02005_Greenblatt et al._A Separation Control CFD Validation Test Case Part 2 &hellip; <a href=\"https:\/\/cfd.spb.ru\/agarbaruk\/examples\/hump\/\" class=\"more-link\">Continue reading <span class=\"screen-reader-text\">\u041e\u0431\u0442\u0435\u043a\u0430\u043d\u0438\u0435 \u0432\u044b\u043f\u0443\u043a\u043b\u043e\u0441\u0442\u0438 \u0432 \u043a\u0432\u0430\u0434\u0440\u0430\u0442\u043d\u043e\u043c \u043a\u0430\u043d\u0430\u043b\u0435<\/span> <span class=\"meta-nav\">&rarr;<\/span><\/a><\/p>\n","protected":false},"author":1,"featured_media":0,"parent":62,"menu_order":0,"comment_status":"closed","ping_status":"closed","template":"","meta":{"footnotes":""},"class_list":["post-140","page","type-page","status-publish","hentry"],"_links":{"self":[{"href":"https:\/\/cfd.spb.ru\/agarbaruk\/wp-json\/wp\/v2\/pages\/140","targetHints":{"allow":["GET"]}}],"collection":[{"href":"https:\/\/cfd.spb.ru\/agarbaruk\/wp-json\/wp\/v2\/pages"}],"about":[{"href":"https:\/\/cfd.spb.ru\/agarbaruk\/wp-json\/wp\/v2\/types\/page"}],"author":[{"embeddable":true,"href":"https:\/\/cfd.spb.ru\/agarbaruk\/wp-json\/wp\/v2\/users\/1"}],"replies":[{"embeddable":true,"href":"https:\/\/cfd.spb.ru\/agarbaruk\/wp-json\/wp\/v2\/comments?post=140"}],"version-history":[{"count":0,"href":"https:\/\/cfd.spb.ru\/agarbaruk\/wp-json\/wp\/v2\/pages\/140\/revisions"}],"up":[{"embeddable":true,"href":"https:\/\/cfd.spb.ru\/agarbaruk\/wp-json\/wp\/v2\/pages\/62"}],"wp:attachment":[{"href":"https:\/\/cfd.spb.ru\/agarbaruk\/wp-json\/wp\/v2\/media?parent=140"}],"curies":[{"name":"wp","href":"https:\/\/api.w.org\/{rel}","templated":true}]}}